{"id":15,"date":"2026-04-11T10:31:48","date_gmt":"2026-04-11T10:31:48","guid":{"rendered":"https:\/\/solar.heilares.ee\/?page_id=15"},"modified":"2026-04-11T10:59:51","modified_gmt":"2026-04-11T10:59:51","slug":"elementor-15","status":"publish","type":"page","link":"https:\/\/solar.heilares.ee\/en\/","title":{"rendered":"Avaleht"},"content":{"rendered":"<div data-elementor-type=\"wp-page\" data-elementor-id=\"15\" class=\"elementor elementor-15\" data-elementor-post-type=\"page\">\n\t\t\t\t<div class=\"elementor-element elementor-element-c890c77 e-con-full e-flex e-con e-parent\" data-id=\"c890c77\" data-element_type=\"container\" data-e-type=\"container\">\n\t\t<div class=\"elementor-element elementor-element-4d41e8b e-con-full e-flex e-con e-child\" data-id=\"4d41e8b\" data-element_type=\"container\" data-e-type=\"container\">\n\t\t\t\t<div class=\"elementor-element elementor-element-ca5b2bf elementor-widget elementor-widget-image\" data-id=\"ca5b2bf\" data-element_type=\"widget\" data-e-type=\"widget\" data-widget_type=\"image.default\">\n\t\t\t\t\t\t\t\t\t\t\t\t\t\t\t<img fetchpriority=\"high\" decoding=\"async\" width=\"1024\" height=\"1024\" src=\"https:\/\/solar.heilares.ee\/wp-content\/uploads\/2026\/04\/Gemini_Generated_Image_ttmpfcttmpfcttmp.png\" class=\"attachment-large size-large wp-image-17\" alt=\"\" srcset=\"https:\/\/solar.heilares.ee\/wp-content\/uploads\/2026\/04\/Gemini_Generated_Image_ttmpfcttmpfcttmp.png 1024w, https:\/\/solar.heilares.ee\/wp-content\/uploads\/2026\/04\/Gemini_Generated_Image_ttmpfcttmpfcttmp-300x300.png 300w, https:\/\/solar.heilares.ee\/wp-content\/uploads\/2026\/04\/Gemini_Generated_Image_ttmpfcttmpfcttmp-150x150.png 150w, https:\/\/solar.heilares.ee\/wp-content\/uploads\/2026\/04\/Gemini_Generated_Image_ttmpfcttmpfcttmp-768x768.png 768w\" sizes=\"(max-width: 1024px) 100vw, 1024px\" \/>\t\t\t\t\t\t\t\t\t\t\t\t\t\t\t<\/div>\n\t\t\t\t<\/div>\n\t\t<div class=\"elementor-element elementor-element-d07a88d e-con-full e-flex e-con e-child\" data-id=\"d07a88d\" data-element_type=\"container\" data-e-type=\"container\">\n\t\t\t\t<div class=\"elementor-element elementor-element-f3fad37 elementor-widget elementor-widget-text-editor\" data-id=\"f3fad37\" data-element_type=\"widget\" data-e-type=\"widget\" data-widget_type=\"text-editor.default\">\n\t\t\t\t\t\t\t\t\t<h2 data-path-to-node=\"3\"><b data-path-to-node=\"3\" data-index-in-node=\"0\">Helares \u2013 Your reliable partner on the journey to energy independence.<\/b><\/h2><p data-path-to-node=\"4\"><b data-path-to-node=\"4\" data-index-in-node=\"0\">Looking to reduce your fixed costs and contribute to a greener future?<\/b><\/p><p data-path-to-node=\"5\">Helares pakub tipptasemel <b data-path-to-node=\"5\" data-index-in-node=\"26\">p\u00e4ikesepaneelide t\u00e4islahendusi<\/b> ja professionaalset <b data-path-to-node=\"5\" data-index-in-node=\"77\">t\u00f6\u00f6j\u00f5u vahendust<\/b> energeetikasektoris. Meie eesm\u00e4rk on muuta p\u00e4ikeseenergia k\u00e4ttesaadavaks, pakkudes teenust, kus kvaliteetne teostus kohtub nutika projektijuhtimisega.<\/p><h3 data-path-to-node=\"6\"><b data-path-to-node=\"6\" data-index-in-node=\"0\">Miks valida just meid?<\/b><\/h3><ul data-path-to-node=\"7\"><li><p data-path-to-node=\"7,0,0\"><b data-path-to-node=\"7,0,0\" data-index-in-node=\"0\">V\u00f5tmed k\u00e4tte lahendused:<\/b> Meie hoolitseme k\u00f5ige eest \u2013 alates planeerimisest kuni l\u00f5pliku seadistamiseni.<\/p><\/li><li><p data-path-to-node=\"7,1,0\"><b data-path-to-node=\"7,1,0\" data-index-in-node=\"0\">Kogenud spetsialistid:<\/b> Meie meeskond ja vahendatav t\u00f6\u00f6j\u00f5ud on l\u00e4binud range kvaliteedikontrolli, tagades s\u00fcsteemi pikaealisuse ja ohutuse.<\/p><\/li><li><p data-path-to-node=\"7,2,0\"><b data-path-to-node=\"7,2,0\" data-index-in-node=\"0\">Paindlikkus ja kiirus:<\/b> Olgu tegemist eramaja v\u00f5i suuremahulise arendusega, leiame alati optimaalseima tee t\u00f6\u00f6de teostamiseks.<\/p><\/li><\/ul><p data-path-to-node=\"8\"><b data-path-to-node=\"8\" data-index-in-node=\"0\">P\u00e4ike on tasuta, meie aitame teil seda p\u00fc\u00fcda.<\/b><\/p>\t\t\t\t\t\t\t\t<\/div>\n\t\t\t\t<\/div>\n\t\t\t\t<\/div>\n\t\t\t\t<\/div>","protected":false},"excerpt":{"rendered":"<p>Helares \u2013 Teie usaldusv\u00e4\u00e4rne partner teekonnal energias\u00f5ltumatuseni Kas soovite v\u00e4hendada oma p\u00fcsikulusid ja panustada rohelisse tulevikku? Helares pakub tipptasemel p\u00e4ikesepaneelide t\u00e4islahendusi ja professionaalset t\u00f6\u00f6j\u00f5u vahendust energeetikasektoris. Meie eesm\u00e4rk on muuta p\u00e4ikeseenergia k\u00e4ttesaadavaks, pakkudes teenust, kus kvaliteetne teostus kohtub nutika projektijuhtimisega. Miks valida just meid? V\u00f5tmed k\u00e4tte lahendused: Meie hoolitseme k\u00f5ige eest \u2013 alates planeerimisest kuni [&hellip;]<\/p>\n","protected":false},"author":1,"featured_media":0,"parent":0,"menu_order":0,"comment_status":"closed","ping_status":"closed","template":"","meta":{"footnotes":""},"class_list":["post-15","page","type-page","status-publish","hentry"],"_links":{"self":[{"href":"https:\/\/solar.heilares.ee\/en\/wp-json\/wp\/v2\/pages\/15","targetHints":{"allow":["GET"]}}],"collection":[{"href":"https:\/\/solar.heilares.ee\/en\/wp-json\/wp\/v2\/pages"}],"about":[{"href":"https:\/\/solar.heilares.ee\/en\/wp-json\/wp\/v2\/types\/page"}],"author":[{"embeddable":true,"href":"https:\/\/solar.heilares.ee\/en\/wp-json\/wp\/v2\/users\/1"}],"replies":[{"embeddable":true,"href":"https:\/\/solar.heilares.ee\/en\/wp-json\/wp\/v2\/comments?post=15"}],"version-history":[{"count":14,"href":"https:\/\/solar.heilares.ee\/en\/wp-json\/wp\/v2\/pages\/15\/revisions"}],"predecessor-version":[{"id":39,"href":"https:\/\/solar.heilares.ee\/en\/wp-json\/wp\/v2\/pages\/15\/revisions\/39"}],"wp:attachment":[{"href":"https:\/\/solar.heilares.ee\/en\/wp-json\/wp\/v2\/media?parent=15"}],"curies":[{"name":"wp","href":"https:\/\/api.w.org\/{rel}","templated":true}]}}